{"id":318,"date":"2024-01-11T16:19:11","date_gmt":"2024-01-11T16:19:11","guid":{"rendered":"https:\/\/test.qeyulo.han-solo.net\/hauswaldtpartner\/?page_id=318"},"modified":"2026-02-09T16:58:37","modified_gmt":"2026-02-09T16:58:37","slug":"impressum","status":"publish","type":"page","link":"https:\/\/hauswaldt-partner.de\/en\/impressum\/","title":{"rendered":"Imprint"},"content":{"rendered":"<div data-elementor-type=\"wp-page\" data-elementor-id=\"318\" class=\"elementor elementor-318\" data-elementor-post-type=\"page\">\n\t\t\t\t<div class=\"elementor-element elementor-element-526ddd0 e-flex e-con-boxed e-con e-parent\" data-id=\"526ddd0\" data-element_type=\"container\" data-e-type=\"container\" data-settings=\"{&quot;background_background&quot;:&quot;classic&quot;}\">\n\t\t\t\t\t<div class=\"e-con-inner\">\n\t\t<div class=\"elementor-element elementor-element-03389e1 e-flex e-con-boxed e-con e-child\" data-id=\"03389e1\" data-element_type=\"container\" data-e-type=\"container\" data-settings=\"{&quot;background_background&quot;:&quot;classic&quot;}\">\n\t\t\t\t\t<div class=\"e-con-inner\">\n\t\t\t\t<div class=\"elementor-element elementor-element-c50f28e elementor-widget elementor-widget-heading\" data-id=\"c50f28e\" data-element_type=\"widget\" data-e-type=\"widget\" data-widget_type=\"heading.default\">\n\t\t\t\t<div class=\"elementor-widget-container\">\n\t\t\t\t\t<h2 class=\"elementor-heading-title elementor-size-default\">Imprint<\/h2>\t\t\t\t<\/div>\n\t\t\t\t<\/div>\n\t\t\t\t<div class=\"elementor-element elementor-element-2878901 elementor-widget elementor-widget-text-editor\" data-id=\"2878901\" data-element_type=\"widget\" data-e-type=\"widget\" data-widget_type=\"text-editor.default\">\n\t\t\t\t<div class=\"elementor-widget-container\">\n\t\t\t\t\t\t\t\t\t<p><strong>HAUSWALDT | PARTNER<\/strong><br>Rechtsanw\u00e4lte Mediatoren<br>Partnerschaftsgesellschaft mbB<\/p>\n<p>Rathausstra\u00dfe 13<br>D-20095 Hamburg<br>Telephone +49-40-37 37 47 0<br>Telefax +49-40-37 37 47 99<br>E-Mail: info@hauswaldt-partner.com<br>VAT Id-No.: DE296316825<\/p>\n<p>Partnership company with limited professional liability<br>Partnership registry Hamburg PR 925<\/p>\n<p><strong>Partner<\/strong> (with power of sole representation):<br>Attorney\/solicitor Meison Amer<br>Attorney\/solicitor Thomas Hauswaldt<br>Attorney\/solicitor Sabine Meyer<br>Attorney\/solicitor Moritz Schl\u00fcter<\/p>\n<p>The right to bear the title \"attorney\/solicitor\" was issued<br>in the Federal Republic of Germany.<\/p>\n<p><strong>Responsible supervisory authorities:<\/strong><br>Hanseatic Bar Association<br>Valentinskamp 88<br>20355 Hamburg<br>Telephone +49-40-35 74 41 0<br>Telefax +49-40-35 74 41 41<\/p>\n<p>E-Mail info@rak-hamburg.de<br>www.rechtsanwaltskammerhamburg.de<\/p>\n<p><strong>Attorneys\/solicitors are subject primarily<\/strong><br><strong>to the following regulations:<\/strong><br>Federal Lawyers Act (BRAO)<br>Professional Code (BORA)<br>Specialist Lawyers Regulations (FAO)<br>Professional regulations applicable to lawyers in the European Union (CCBE-Berufsregeln)<br>Law on the Remuneration of Lawyers (RVG)<\/p>\n<p>The above regulations and supplementary information are available<br>in full text on the homepage of the Federal Bar Association under<br>http:\/\/www.brak.de<br>(See the sections \u201cOccupational law\u201d and \u201cRemuneration\u201d).<\/p>\n<p><strong>Liability disclaimer<\/strong><br>Despite diligent content review, we do not assume any liability for the content of external links.<br>The operators of the linked pages are solely responsible for the content of those pages.<br><br><\/p>\n<p><strong>Professional liability insurance is provided by<\/strong><br>ERGO Versicherung AG<br>Victoriaplatz 1, 40477 D\u00fcsseldorf<br>Geographically our insurance protection covers worldwide<br>activity in connection with consulting and working<br>in German and international law.<\/p>\t\t\t\t\t\t\t\t<\/div>\n\t\t\t\t<\/div>\n\t\t\t\t\t<\/div>\n\t\t\t\t<\/div>\n\t\t\t\t\t<\/div>\n\t\t\t\t<\/div>\n\t\t\t\t<\/div>","protected":false},"excerpt":{"rendered":"<p>Impressum HAUSWALDT | PARTNERRechtsanw\u00e4lte MediatorenPartnerschaftsgesellschaft mbB Rathausstra\u00dfe 13D-20095 HamburgTelefon +49-40-37 37 47 0Telefax +49-40-37 37 47 99E-Mail: info@hauswaldt-partner.comUmsatzsteueridentifikations-Nr.: DE296316825 Partnerschaftsgesellschaft mit beschr\u00e4nkter BerufshaftungPartnerschaftsregister Hamburg PR 925 Partner (einzelvertretungsberechtigt):Rechtsanwalt Meison AmerRechtsanwalt Thomas HauswaldtRechtsanw\u00e4ltin Sabine MeyerRechtsanwalt Moritz Schl\u00fcter Die gesetzlichen Berufsbezeichnungen &#8222;Rechtsanwalt&#8220; und&#8222;Rechtsanw\u00e4ltin&#8220; wurden in der Bundesrepublik Deutschland verliehen. Zust\u00e4ndige Aufsichtsbeh\u00f6rden:Hanseatische RechtsanwaltskammerValentinskamp 8820355 HamburgTelefon +49-40-35 74 41 [&hellip;]<\/p>","protected":false},"author":3,"featured_media":0,"parent":0,"menu_order":0,"comment_status":"closed","ping_status":"closed","template":"","meta":{"footnotes":""},"class_list":["post-318","page","type-page","status-publish","hentry"],"_links":{"self":[{"href":"https:\/\/hauswaldt-partner.de\/en\/wp-json\/wp\/v2\/pages\/318","targetHints":{"allow":["GET"]}}],"collection":[{"href":"https:\/\/hauswaldt-partner.de\/en\/wp-json\/wp\/v2\/pages"}],"about":[{"href":"https:\/\/hauswaldt-partner.de\/en\/wp-json\/wp\/v2\/types\/page"}],"author":[{"embeddable":true,"href":"https:\/\/hauswaldt-partner.de\/en\/wp-json\/wp\/v2\/users\/3"}],"replies":[{"embeddable":true,"href":"https:\/\/hauswaldt-partner.de\/en\/wp-json\/wp\/v2\/comments?post=318"}],"version-history":[{"count":7,"href":"https:\/\/hauswaldt-partner.de\/en\/wp-json\/wp\/v2\/pages\/318\/revisions"}],"predecessor-version":[{"id":571,"href":"https:\/\/hauswaldt-partner.de\/en\/wp-json\/wp\/v2\/pages\/318\/revisions\/571"}],"wp:attachment":[{"href":"https:\/\/hauswaldt-partner.de\/en\/wp-json\/wp\/v2\/media?parent=318"}],"curies":[{"name":"wp","href":"https:\/\/api.w.org\/{rel}","templated":true}]}}