{"id":360,"date":"2024-01-11T19:49:39","date_gmt":"2024-01-11T19:49:39","guid":{"rendered":"https:\/\/test.qeyulo.han-solo.net\/hauswaldtpartner\/?page_id=360"},"modified":"2025-02-13T15:28:35","modified_gmt":"2025-02-13T15:28:35","slug":"moritz-schlueter","status":"publish","type":"page","link":"https:\/\/hauswaldt-partner.de\/en\/moritz-schlueter\/","title":{"rendered":"Moritz Schlueter"},"content":{"rendered":"<div data-elementor-type=\"wp-page\" data-elementor-id=\"360\" class=\"elementor elementor-360\" data-elementor-post-type=\"page\">\n\t\t\t\t<div class=\"elementor-element elementor-element-d59e968 e-flex e-con-boxed e-con e-parent\" data-id=\"d59e968\" data-element_type=\"container\" data-e-type=\"container\" data-settings=\"{&quot;background_background&quot;:&quot;classic&quot;}\">\n\t\t\t\t\t<div class=\"e-con-inner\">\n\t\t<div class=\"elementor-element elementor-element-9e86aa5 e-con-full e-flex e-con e-child\" data-id=\"9e86aa5\" data-element_type=\"container\" data-e-type=\"container\">\n\t\t\t\t<div class=\"elementor-element elementor-element-975722f elementor-hidden-desktop elementor-hidden-tablet elementor-widget elementor-widget-image\" data-id=\"975722f\" data-element_type=\"widget\" data-e-type=\"widget\" data-widget_type=\"image.default\">\n\t\t\t\t<div class=\"elementor-widget-container\">\n\t\t\t\t\t\t\t\t\t\t\t\t\t\t\t<img decoding=\"async\" src=\"https:\/\/hauswaldt-partner.de\/wp-content\/uploads\/elementor\/thumbs\/LFA7683-scaled-qi42599gvszy2xhf0t6wm4a76txfl0z8zzvidzsmfc.webp\" title=\"_LFA7683\" alt=\"_LFA7683\" loading=\"lazy\" \/>\t\t\t\t\t\t\t\t\t\t\t\t\t\t\t<\/div>\n\t\t\t\t<\/div>\n\t\t\t\t<div class=\"elementor-element elementor-element-c7c3f85 elementor-widget elementor-widget-heading\" data-id=\"c7c3f85\" data-element_type=\"widget\" data-e-type=\"widget\" data-widget_type=\"heading.default\">\n\t\t\t\t<div class=\"elementor-widget-container\">\n\t\t\t\t\t<h2 class=\"elementor-heading-title elementor-size-default\">Moritz Schl\u00fcter<\/h2>\t\t\t\t<\/div>\n\t\t\t\t<\/div>\n\t\t\t\t<div class=\"elementor-element elementor-element-c413e40 elementor-widget elementor-widget-toggle\" data-id=\"c413e40\" data-element_type=\"widget\" data-e-type=\"widget\" data-widget_type=\"toggle.default\">\n\t\t\t\t<div class=\"elementor-widget-container\">\n\t\t\t\t\t\t\t<div class=\"elementor-toggle\">\n\t\t\t\t\t\t\t<div class=\"elementor-toggle-item\">\n\t\t\t\t\t<div id=\"elementor-tab-title-2051\" class=\"elementor-tab-title\" data-tab=\"1\" role=\"button\" aria-controls=\"elementor-tab-content-2051\" aria-expanded=\"false\">\n\t\t\t\t\t\t\t\t\t\t\t\t<a class=\"elementor-toggle-title\" tabindex=\"0\">THE ATTORNEY<\/a>\n\t\t\t\t\t<\/div>\n\n\t\t\t\t\t<div id=\"elementor-tab-content-2051\" class=\"elementor-tab-content elementor-clearfix\" data-tab=\"1\" role=\"region\" aria-labelledby=\"elementor-tab-title-2051\"><p><strong>Moritz Schl\u00fcter<\/strong> is an attorney\/solicitor and certified in commercial and corporate law.<\/p><p>He consults and represents companies, entrepreneurs and freelancers on all legal issues relating to companies and the personal legal affairs of entrepreneurs.<\/p><p>This includes, in particular, questions of succession planning and asset management, whereby Moritz Schl\u00fcter supports the implementation of testamentary dispositions as executor if required.<\/p><p>In addition, Moritz Schl\u00fcter also advises start-ups on the establish\u00adment and development of their business and assists them in all emerging issues, such as investor negotiations, trademark registra\u00adtions up to an exit. In doing so, Moritz Schl\u00fcter is able to draw not only on his experience from an external perspective as a consul\u00adtant, but also on his own experience as a founder of several startups, thus providing his clients with the best possible support.<\/p><p>His advice covers all day-to-day business law issues of the companies, both in their external relations (with clients, contrac\u00adtual and project partners) and with regard to the internal organi\u00adsation of the clients (company law, management contracts, em\u00adployment contracts, strategic orientation etc.) as well as any representation in court that may be necessary.<\/p><p>Since Moritz Schl\u00fcter has been self-employed from the very beginning, both as a lawyer and as a founder, his advice is always practice-oriented, with the focus on the most economical outcome for his clients.<\/p><\/div>\n\t\t\t\t<\/div>\n\t\t\t\t\t\t\t<div class=\"elementor-toggle-item\">\n\t\t\t\t\t<div id=\"elementor-tab-title-2052\" class=\"elementor-tab-title\" data-tab=\"2\" role=\"button\" aria-controls=\"elementor-tab-content-2052\" aria-expanded=\"false\">\n\t\t\t\t\t\t\t\t\t\t\t\t<a class=\"elementor-toggle-title\" tabindex=\"0\">PERSONAL DETAILS<\/a>\n\t\t\t\t\t<\/div>\n\n\t\t\t\t\t<div id=\"elementor-tab-content-2052\" class=\"elementor-tab-content elementor-clearfix\" data-tab=\"2\" role=\"region\" aria-labelledby=\"elementor-tab-title-2052\"><ul><li>Born in 1988 in Husum, Germany<\/li><li>Studied Law at the Universities of Hamburg and Istanbul<\/li><li>2014 First State Law Exam; research associate in a corporate law firm<\/li><li>from 2015 to 2017 legal clerkship in Schleswig-Holstein and Hamburg, stations including the Chamber for Commercial Matters at the Regional Court of Itzehoe, the headquarters of the \u201eNorddeutscher Rundfunk\u201c in Hamburg (Compliance department) and a corporate law firm in Hamburg<\/li><li>2017 Second State Law Exam<\/li><li>Admitted to the German bar by the Hanseatic Bar Association Hamburg in October 2017; self-employed lawyer in Hamburg<\/li><li>2018 lecturer in contract law at the University of Hamburg<\/li><li>2018 co-founder of a start-up in the field of eSport<\/li><li>Partner at HAUSWALDT | PARTNER since July 2019.<\/li><li>2020 - today Founding and participating<br \/>in various startups<\/li><li>Since January 2023 Specialist attorney<br \/>for commercial and corporate law<\/li><li>2025 Certification as executor by the German Association for Inheritance Law and Property Succession (DVEV)<\/li><\/ul><\/div>\n\t\t\t\t<\/div>\n\t\t\t\t\t\t\t<div class=\"elementor-toggle-item\">\n\t\t\t\t\t<div id=\"elementor-tab-title-2053\" class=\"elementor-tab-title\" data-tab=\"3\" role=\"button\" aria-controls=\"elementor-tab-content-2053\" aria-expanded=\"false\">\n\t\t\t\t\t\t\t\t\t\t\t\t<a class=\"elementor-toggle-title\" tabindex=\"0\">FIELDS OF LAW<\/a>\n\t\t\t\t\t<\/div>\n\n\t\t\t\t\t<div id=\"elementor-tab-content-2053\" class=\"elementor-tab-content elementor-clearfix\" data-tab=\"3\" role=\"region\" aria-labelledby=\"elementor-tab-title-2053\"><p>Attorney\/solicitor Moritz Schl\u00fcter advises his clients in:<\/p><ul><li>Corporate law<\/li><li>Company law<\/li><li>Company sales and transactions \/ Mergers &amp; Acquisitions<br \/>(M&amp;A)<\/li><li>Contract law<\/li><li>Real estate law<\/li><li>Inheritance law, execution of wills and corporate succession<\/li><\/ul><\/div>\n\t\t\t\t<\/div>\n\t\t\t\t\t\t\t<div class=\"elementor-toggle-item\">\n\t\t\t\t\t<div id=\"elementor-tab-title-2054\" class=\"elementor-tab-title\" data-tab=\"4\" role=\"button\" aria-controls=\"elementor-tab-content-2054\" aria-expanded=\"false\">\n\t\t\t\t\t\t\t\t\t\t\t\t<a class=\"elementor-toggle-title\" tabindex=\"0\">MEMBERSHIPS<\/a>\n\t\t\t\t\t<\/div>\n\n\t\t\t\t\t<div id=\"elementor-tab-content-2054\" class=\"elementor-tab-content elementor-clearfix\" data-tab=\"4\" role=\"region\" aria-labelledby=\"elementor-tab-title-2054\"><p>Hanseatic Bar Association Hamburg<br \/><a href=\"http:\/\/www.rak-hamburg.de\/\" target=\"_blank\" rel=\"noopener\">www.rak-hamburg.de\/<\/a><\/p><p>Hamburg Attorneys' Association<br \/><a href=\"http:\/\/www.hav.de\" target=\"_blank\" rel=\"noopener\">www.hav.de<\/a><\/p><p>German Attorney\u2019s Association<br \/><a href=\"http:\/\/www.anwaltverein.de\" target=\"_blank\" rel=\"noopener\">www.anwaltverein.de<\/a><\/p><\/div>\n\t\t\t\t<\/div>\n\t\t\t\t\t\t\t<div class=\"elementor-toggle-item\">\n\t\t\t\t\t<div id=\"elementor-tab-title-2055\" class=\"elementor-tab-title\" data-tab=\"5\" role=\"button\" aria-controls=\"elementor-tab-content-2055\" aria-expanded=\"false\">\n\t\t\t\t\t\t\t\t\t\t\t\t<a class=\"elementor-toggle-title\" tabindex=\"0\">Contact<\/a>\n\t\t\t\t\t<\/div>\n\n\t\t\t\t\t<div id=\"elementor-tab-content-2055\" class=\"elementor-tab-content elementor-clearfix\" data-tab=\"5\" role=\"region\" aria-labelledby=\"elementor-tab-title-2055\"><p>Tel. secretary\u2019s office<br \/>+49 40 37 37 47 50<\/p><p>Mail<br \/><span style=\"color: #333333;\"><a style=\"color: #333333;\" href=\"mailto:m.schlueter@hauswaldt-partner.com\">m.schlueter@hauswaldt-partner.com<\/a><\/span><\/p><\/div>\n\t\t\t\t<\/div>\n\t\t\t\t\t\t\t\t<\/div>\n\t\t\t\t\t\t<\/div>\n\t\t\t\t<\/div>\n\t\t\t\t<\/div>\n\t\t\t\t\t<\/div>\n\t\t\t\t<\/div>\n\t\t\t\t<\/div>","protected":false},"excerpt":{"rendered":"<p>Moritz Schl\u00fcter Der Anwalt Moritz Schl\u00fcter ist Rechtsanwalt und Fachanwalt f\u00fcr Handels- und Gesellschaftsrecht. Er ber\u00e4t und vertritt Unternehmen, Unternehmerpers\u00f6nlichkeiten und Freiberufler bei allen rechtlichen Fragestellungen rund ums Unternehmen sowie den pers\u00f6nlichen Rechtsfragen der Unternehmer. Dazu geh\u00f6ren insbesondere auch Fragen der Erbfolgeregelungen und Verm\u00f6gensverwaltung, wobei Moritz Schl\u00fcter bei Bedarf als Testamentsvollstrecker bei der Umsetzung letztwilliger [&hellip;]<\/p>","protected":false},"author":3,"featured_media":0,"parent":0,"menu_order":0,"comment_status":"closed","ping_status":"closed","template":"","meta":{"footnotes":""},"class_list":["post-360","page","type-page","status-publish","hentry"],"_links":{"self":[{"href":"https:\/\/hauswaldt-partner.de\/en\/wp-json\/wp\/v2\/pages\/360","targetHints":{"allow":["GET"]}}],"collection":[{"href":"https:\/\/hauswaldt-partner.de\/en\/wp-json\/wp\/v2\/pages"}],"about":[{"href":"https:\/\/hauswaldt-partner.de\/en\/wp-json\/wp\/v2\/types\/page"}],"author":[{"embeddable":true,"href":"https:\/\/hauswaldt-partner.de\/en\/wp-json\/wp\/v2\/users\/3"}],"replies":[{"embeddable":true,"href":"https:\/\/hauswaldt-partner.de\/en\/wp-json\/wp\/v2\/comments?post=360"}],"version-history":[{"count":34,"href":"https:\/\/hauswaldt-partner.de\/en\/wp-json\/wp\/v2\/pages\/360\/revisions"}],"predecessor-version":[{"id":560,"href":"https:\/\/hauswaldt-partner.de\/en\/wp-json\/wp\/v2\/pages\/360\/revisions\/560"}],"wp:attachment":[{"href":"https:\/\/hauswaldt-partner.de\/en\/wp-json\/wp\/v2\/media?parent=360"}],"curies":[{"name":"wp","href":"https:\/\/api.w.org\/{rel}","templated":true}]}}