{"id":368,"date":"2024-01-11T20:12:07","date_gmt":"2024-01-11T20:12:07","guid":{"rendered":"https:\/\/test.qeyulo.han-solo.net\/hauswaldtpartner\/?page_id=368"},"modified":"2025-03-10T12:27:06","modified_gmt":"2025-03-10T12:27:06","slug":"thomas-hauswaldt","status":"publish","type":"page","link":"https:\/\/hauswaldt-partner.de\/en\/thomas-hauswaldt\/","title":{"rendered":"Thomas Hauswaldt"},"content":{"rendered":"<div data-elementor-type=\"wp-page\" data-elementor-id=\"368\" class=\"elementor elementor-368\" data-elementor-post-type=\"page\">\n\t\t\t\t<div class=\"elementor-element elementor-element-d59e968 e-flex e-con-boxed e-con e-parent\" data-id=\"d59e968\" data-element_type=\"container\" data-e-type=\"container\" data-settings=\"{&quot;background_background&quot;:&quot;classic&quot;}\">\n\t\t\t\t\t<div class=\"e-con-inner\">\n\t\t<div class=\"elementor-element elementor-element-9e86aa5 e-con-full e-flex e-con e-child\" data-id=\"9e86aa5\" data-element_type=\"container\" data-e-type=\"container\">\n\t\t\t\t<div class=\"elementor-element elementor-element-ba9c49f elementor-hidden-desktop elementor-hidden-tablet elementor-widget elementor-widget-image\" data-id=\"ba9c49f\" data-element_type=\"widget\" data-e-type=\"widget\" data-widget_type=\"image.default\">\n\t\t\t\t<div class=\"elementor-widget-container\">\n\t\t\t\t\t\t\t\t\t\t\t\t\t\t\t<img decoding=\"async\" src=\"https:\/\/hauswaldt-partner.de\/wp-content\/uploads\/elementor\/thumbs\/LFA8760_02-scaled-qi4250sx6aod6ftpe7j9hof1ud34nr1nyu052i55zc.webp\" title=\"_LFA8760_02\" alt=\"_LFA8760_02\" loading=\"lazy\" \/>\t\t\t\t\t\t\t\t\t\t\t\t\t\t\t<\/div>\n\t\t\t\t<\/div>\n\t\t\t\t<div class=\"elementor-element elementor-element-7a42ee1 elementor-widget elementor-widget-heading\" data-id=\"7a42ee1\" data-element_type=\"widget\" data-e-type=\"widget\" data-widget_type=\"heading.default\">\n\t\t\t\t<div class=\"elementor-widget-container\">\n\t\t\t\t\t<h2 class=\"elementor-heading-title elementor-size-default\">Thomas Hauswaldt<\/h2>\t\t\t\t<\/div>\n\t\t\t\t<\/div>\n\t\t\t\t<div class=\"elementor-element elementor-element-c413e40 elementor-widget elementor-widget-toggle\" data-id=\"c413e40\" data-element_type=\"widget\" data-e-type=\"widget\" data-widget_type=\"toggle.default\">\n\t\t\t\t<div class=\"elementor-widget-container\">\n\t\t\t\t\t\t\t<div class=\"elementor-toggle\">\n\t\t\t\t\t\t\t<div class=\"elementor-toggle-item\">\n\t\t\t\t\t<div id=\"elementor-tab-title-2051\" class=\"elementor-tab-title\" data-tab=\"1\" role=\"button\" aria-controls=\"elementor-tab-content-2051\" aria-expanded=\"false\">\n\t\t\t\t\t\t\t\t\t\t\t\t<a class=\"elementor-toggle-title\" tabindex=\"0\">THE ATTORNEY<\/a>\n\t\t\t\t\t<\/div>\n\n\t\t\t\t\t<div id=\"elementor-tab-content-2051\" class=\"elementor-tab-content elementor-clearfix\" data-tab=\"1\" role=\"region\" aria-labelledby=\"elementor-tab-title-2051\"><p id=\"u2761-3\"><strong><span id=\"u2761\">Thomas Hauswaldt<\/span><\/strong>\u00a0is an attorney\/solicitor and mediator in Hamburg.<\/p><p>He consults and represents owner-managed national and international companies. Ongoing support leads to trusting, long-standing client relationships.<\/p><p>He further consults companies on daily questions about commercial law in both external relations (i.e., with customers and project partners) and the internal organisation of clients (company law, strategic orientation, etc.).<\/p><p>One of Thomas Hauswaldt\u2019s key areas is advising in all matters of company succession and in M&amp;A projects.<\/p><p>He also offers company owners comprehensive consulting in private matters, e.g., on inheritance settlements and asset management, whereby Thomas Hauswaldt also provides support as executor in the implementation of testamentary dispositions.<\/p><p>Thomas Hauswaldt holds mandates in various consulting and supervisory board committees.<\/p><p>His consulting work strongly emphasizes mediation and a balancing of interests.<br \/>He is licensed as a mediator BM\u00ae<\/p><\/div>\n\t\t\t\t<\/div>\n\t\t\t\t\t\t\t<div class=\"elementor-toggle-item\">\n\t\t\t\t\t<div id=\"elementor-tab-title-2052\" class=\"elementor-tab-title\" data-tab=\"2\" role=\"button\" aria-controls=\"elementor-tab-content-2052\" aria-expanded=\"false\">\n\t\t\t\t\t\t\t\t\t\t\t\t<a class=\"elementor-toggle-title\" tabindex=\"0\">PERSONAL DETAILS<\/a>\n\t\t\t\t\t<\/div>\n\n\t\t\t\t\t<div id=\"elementor-tab-content-2052\" class=\"elementor-tab-content elementor-clearfix\" data-tab=\"2\" role=\"region\" aria-labelledby=\"elementor-tab-title-2052\"><ul><li>Born in 1954 in Braunschweig<\/li><li>Study of law at Universit\u00e4t Hamburg\n(degree: First State Law Exam)<\/li><li>Clerkship at the Hamburg District Court, including periods at, among others, law firms in Vienna and Hamburg (degree: Second State Law Exam)<\/li><li>Admitted to the German bar by the Hanseatic Bar Association Hamburg in March 1983<\/li><li>Gr\u00fcnder und Partner von HAUSWALDT | PARTNER\u00a0seit 1986<\/li><li>Mediation training at the CfM-Centre for Mediation, Cologne, as well as at various educational institutes of the BM-Bundesverband Mediation (Federal Association of Mediation), 2006-2007<\/li><li>2025 Certification as executor by the German Association for Inheritance Law and Property Succession (DVEV)<\/li><\/ul><\/div>\n\t\t\t\t<\/div>\n\t\t\t\t\t\t\t<div class=\"elementor-toggle-item\">\n\t\t\t\t\t<div id=\"elementor-tab-title-2053\" class=\"elementor-tab-title\" data-tab=\"3\" role=\"button\" aria-controls=\"elementor-tab-content-2053\" aria-expanded=\"false\">\n\t\t\t\t\t\t\t\t\t\t\t\t<a class=\"elementor-toggle-title\" tabindex=\"0\">FIELDS OF LAW<\/a>\n\t\t\t\t\t<\/div>\n\n\t\t\t\t\t<div id=\"elementor-tab-content-2053\" class=\"elementor-tab-content elementor-clearfix\" data-tab=\"3\" role=\"region\" aria-labelledby=\"elementor-tab-title-2053\"><p>Attorney\/solicitor Thomas Hauswaldt advises his clients in<\/p><ul><li>Corporate law<\/li><li>Company law<\/li><li>M&amp;A<\/li><li>Copyright + intellectual property law<\/li><li>Land law<\/li><li>Inheritance law and company succession<\/li><li>Execution of wills<\/li><\/ul><\/div>\n\t\t\t\t<\/div>\n\t\t\t\t\t\t\t<div class=\"elementor-toggle-item\">\n\t\t\t\t\t<div id=\"elementor-tab-title-2054\" class=\"elementor-tab-title\" data-tab=\"4\" role=\"button\" aria-controls=\"elementor-tab-content-2054\" aria-expanded=\"false\">\n\t\t\t\t\t\t\t\t\t\t\t\t<a class=\"elementor-toggle-title\" tabindex=\"0\">MEMBERSHIPS<\/a>\n\t\t\t\t\t<\/div>\n\n\t\t\t\t\t<div id=\"elementor-tab-content-2054\" class=\"elementor-tab-content elementor-clearfix\" data-tab=\"4\" role=\"region\" aria-labelledby=\"elementor-tab-title-2054\"><p>Hamburger Mediationsstelle f\u00fcr Wirtschaftskonflikte (Hamburg office for commercial mediation)<br \/>Hamburger Mediationsstelle f\u00fcr Wirtschaftskonflikte<br \/><a href=\"http:\/\/www.hk24.de\" target=\"_blank\" rel=\"noopener\">www.hk24.de<\/a><\/p><p>Lizenziert als Mediator BM\u00ae \u2013 Bundesverband Mediation e.V.<br \/><a href=\"http:\/\/www.bmev.de\" target=\"_blank\" rel=\"noopener\">www.bmev.de<\/a><\/p><p>Member of the supervisory board of Green Planet Energy eG (formerly: \u201egreenpeace energy eG\u201c)  since June 2002<br \/>(vice chairman since 2008)<br \/><a href=\"https:\/\/green-planet-energy.de\" target=\"_blank\" rel=\"noopener\">https:\/\/green-planet-energy.de<\/a><\/p><p>Seit 2014 Mitglied im Verwaltungsrat der DESITIN GmbH<br \/><a href=\"https:\/\/www.desitin.de\/\">https:\/\/www.desitin.de<\/a><\/p><p>Member of the Hanseatic Bar Association Hamburg<br \/><a href=\"http:\/\/www.rechtsanwaltskammerhamburg.de\" target=\"_blank\" rel=\"noopener\">www.rechtsanwaltskammerhamburg.de<\/a><\/p><\/div>\n\t\t\t\t<\/div>\n\t\t\t\t\t\t\t<div class=\"elementor-toggle-item\">\n\t\t\t\t\t<div id=\"elementor-tab-title-2055\" class=\"elementor-tab-title\" data-tab=\"5\" role=\"button\" aria-controls=\"elementor-tab-content-2055\" aria-expanded=\"false\">\n\t\t\t\t\t\t\t\t\t\t\t\t<a class=\"elementor-toggle-title\" tabindex=\"0\">Contact<\/a>\n\t\t\t\t\t<\/div>\n\n\t\t\t\t\t<div id=\"elementor-tab-content-2055\" class=\"elementor-tab-content elementor-clearfix\" data-tab=\"5\" role=\"region\" aria-labelledby=\"elementor-tab-title-2055\"><p>Tel. secretary\u2019s office<br \/>+49 40 37 37 47 50<\/p><p>Mail<br \/><a class=\"nonblock\" href=\"mailto:t.hauswaldt@hauswaldt-partner.com\">t.hauswaldt@hauswaldt-partner.com<\/a><\/p><\/div>\n\t\t\t\t<\/div>\n\t\t\t\t\t\t\t\t<\/div>\n\t\t\t\t\t\t<\/div>\n\t\t\t\t<\/div>\n\t\t\t\t<\/div>\n\t\t\t\t\t<\/div>\n\t\t\t\t<\/div>\n\t\t\t\t<\/div>","protected":false},"excerpt":{"rendered":"<p>Thomas Hauswaldt Der Anwalt Thomas Hauswaldt\u00a0ist Rechtsanwalt und Mediator in Hamburg. Er ber\u00e4t und vertritt inhabergef\u00fchrte nationale und internationale Unternehmen. Die kontinuierliche Begleitung m\u00fcndet in langj\u00e4hrige, vertrauensvolle Mandatsbeziehungen. Diese Beratung umfasst alle t\u00e4glichen wirtschaftsrechtlichen Fragen der Unternehmen, sowohl in ihren Au\u00dfenbeziehungen (zu Kunden und Projektpartnern) als auch in Bezug auf die innere Organisation der Mandanten [&hellip;]<\/p>","protected":false},"author":3,"featured_media":0,"parent":0,"menu_order":0,"comment_status":"closed","ping_status":"closed","template":"","meta":{"footnotes":""},"class_list":["post-368","page","type-page","status-publish","hentry"],"_links":{"self":[{"href":"https:\/\/hauswaldt-partner.de\/en\/wp-json\/wp\/v2\/pages\/368","targetHints":{"allow":["GET"]}}],"collection":[{"href":"https:\/\/hauswaldt-partner.de\/en\/wp-json\/wp\/v2\/pages"}],"about":[{"href":"https:\/\/hauswaldt-partner.de\/en\/wp-json\/wp\/v2\/types\/page"}],"author":[{"embeddable":true,"href":"https:\/\/hauswaldt-partner.de\/en\/wp-json\/wp\/v2\/users\/3"}],"replies":[{"embeddable":true,"href":"https:\/\/hauswaldt-partner.de\/en\/wp-json\/wp\/v2\/comments?post=368"}],"version-history":[{"count":48,"href":"https:\/\/hauswaldt-partner.de\/en\/wp-json\/wp\/v2\/pages\/368\/revisions"}],"predecessor-version":[{"id":565,"href":"https:\/\/hauswaldt-partner.de\/en\/wp-json\/wp\/v2\/pages\/368\/revisions\/565"}],"wp:attachment":[{"href":"https:\/\/hauswaldt-partner.de\/en\/wp-json\/wp\/v2\/media?parent=368"}],"curies":[{"name":"wp","href":"https:\/\/api.w.org\/{rel}","templated":true}]}}